{"id":13,"date":"2020-12-17T22:32:04","date_gmt":"2020-12-17T22:32:04","guid":{"rendered":"http:\/\/canoe.moxiworks.com\/fusion\/fr-ca\/office-group-join-us"},"modified":"2021-03-05T01:48:30","modified_gmt":"2021-03-05T06:48:30","slug":"office-group-join-us","status":"publish","type":"page","link":"https:\/\/century21fusion.ca\/fr-ca\/office-group-join-us","title":{"rendered":"FAITES CARRI\u00c8RE CHEZ NOUS"},"content":{"rendered":"\r\n<h1>REJOIGNEZ-NOUS<\/h1>\r\n<h1>REJOIGNEZ-NOUS<\/h1>\r\n<h2>\u00a0<\/h2>\r\n<p>Nous recherchons \u00e0 nous associer \u00e0 des COURTIERS d&#8217;exp\u00e9rience passionn\u00e9s par l&#8217;excellence.<\/p>\r\n<p>&nbsp;<\/p>\r\n<p>Contactez-nous pour b\u00e2tir votre carri\u00e8re et viser l&#8217;or en offrant le meilleur service \u00e0 vos clients.<\/p>\r\n<h2>CONTACTEZ-NOUS POUR BATIR VOTRE CARRI\u00c8RE AUJOURD&#8217;HUI<\/h2>\r\n","protected":false},"excerpt":{"rendered":"<p>REJOIGNEZ-NOUS REJOIGNEZ-NOUS \u00a0 Nous recherchons \u00e0 nous associer \u00e0 des COURTIERS d&#8217;exp\u00e9rience passionn\u00e9s par l&#8217;excellence. &nbsp; Contactez-nous pour b\u00e2tir votre carri\u00e8re et viser l&#8217;or en offrant le meilleur service \u00e0 vos clients. CONTACTEZ-NOUS POUR BATIR VOTRE CARRI\u00c8RE AUJOURD&#8217;HUI<\/p>\n","protected":false},"author":2,"featured_media":0,"parent":0,"menu_order":0,"comment_status":"closed","ping_status":"closed","template":"","meta":{"footnotes":""},"class_list":["post-13","page","type-page","status-publish","hentry"],"_links":{"self":[{"href":"https:\/\/century21fusion.ca\/fr-ca\/wp-json\/wp\/v2\/pages\/13","targetHints":{"allow":["GET"]}}],"collection":[{"href":"https:\/\/century21fusion.ca\/fr-ca\/wp-json\/wp\/v2\/pages"}],"about":[{"href":"https:\/\/century21fusion.ca\/fr-ca\/wp-json\/wp\/v2\/types\/page"}],"author":[{"embeddable":true,"href":"https:\/\/century21fusion.ca\/fr-ca\/wp-json\/wp\/v2\/users\/2"}],"replies":[{"embeddable":true,"href":"https:\/\/century21fusion.ca\/fr-ca\/wp-json\/wp\/v2\/comments?post=13"}],"version-history":[{"count":1,"href":"https:\/\/century21fusion.ca\/fr-ca\/wp-json\/wp\/v2\/pages\/13\/revisions"}],"predecessor-version":[{"id":29,"href":"https:\/\/century21fusion.ca\/fr-ca\/wp-json\/wp\/v2\/pages\/13\/revisions\/29"}],"wp:attachment":[{"href":"https:\/\/century21fusion.ca\/fr-ca\/wp-json\/wp\/v2\/media?parent=13"}],"curies":[{"name":"wp","href":"https:\/\/api.w.org\/{rel}","templated":true}]}}